{"id":810,"date":"2021-03-01T13:04:43","date_gmt":"2021-03-01T13:04:43","guid":{"rendered":"https:\/\/gane-aktiengesellschaft.aw002.de\/?page_id=810"},"modified":"2024-02-02T12:46:36","modified_gmt":"2024-02-02T12:46:36","slug":"contact","status":"publish","type":"page","link":"https:\/\/gane-invest.de\/en\/contact\/","title":{"rendered":"Contact"},"content":{"rendered":"<p>[et_pb_section fb_built=&#8221;1&#8243; specialty=&#8221;on&#8221; _builder_version=&#8221;4.16&#8243; global_colors_info=&#8221;{}&#8221;][et_pb_column type=&#8221;3_4&#8243; specialty_columns=&#8221;3&#8243; _builder_version=&#8221;4.16&#8243; custom_padding=&#8221;|||&#8221; global_colors_info=&#8221;{}&#8221; custom_padding__hover=&#8221;|||&#8221;][et_pb_row_inner module_id=&#8221;portrait&#8221; _builder_version=&#8221;4.16&#8243; global_colors_info=&#8221;{}&#8221;][et_pb_column_inner saved_specialty_column_type=&#8221;3_4&#8243; _builder_version=&#8221;4.1&#8243; global_colors_info=&#8221;{}&#8221;][et_pb_text admin_label=&#8221;\u00dcberschrift&#8221; module_class=&#8221;ueberschrift&#8221; _builder_version=&#8221;4.16&#8243; global_colors_info=&#8221;{}&#8221;]<\/p>\n<h2>Contact Formular<\/h2>\n<p>[\/et_pb_text][et_pb_code module_class=&#8221;form2&#8243; _builder_version=&#8221;4.16&#8243; global_colors_info=&#8221;{}&#8221;]\n<div class=\"wpcf7 no-js\" id=\"wpcf7-f894-o1\" lang=\"de-DE\" dir=\"ltr\" data-wpcf7-id=\"894\">\n<div class=\"screen-reader-response\"><p role=\"status\" aria-live=\"polite\" aria-atomic=\"true\"><\/p> <ul><\/ul><\/div>\n<form action=\"\/en\/wp-json\/wp\/v2\/pages\/810#wpcf7-f894-o1\" method=\"post\" class=\"wpcf7-form init\" aria-label=\"Kontaktformular\" novalidate=\"novalidate\" data-status=\"init\">\n<fieldset class=\"hidden-fields-container\"><input type=\"hidden\" name=\"_wpcf7\" value=\"894\" \/><input type=\"hidden\" name=\"_wpcf7_version\" value=\"6.1.5\" \/><input type=\"hidden\" name=\"_wpcf7_locale\" value=\"de_DE\" \/><input type=\"hidden\" name=\"_wpcf7_unit_tag\" value=\"wpcf7-f894-o1\" \/><input type=\"hidden\" name=\"_wpcf7_container_post\" value=\"0\" \/><input type=\"hidden\" name=\"_wpcf7_posted_data_hash\" value=\"\" \/>\n<\/fieldset>\n<div class=\"kontakt-form\">\n\t<div class=\"one-half\">\n\t\t<p><span class=\"wpcf7-form-control-wrap\" data-name=\"dername\"><input size=\"40\" maxlength=\"400\" class=\"wpcf7-form-control wpcf7-text wpcf7-validates-as-required\" aria-required=\"true\" aria-invalid=\"false\" placeholder=\"Your Name*\" value=\"\" type=\"text\" name=\"dername\" \/><\/span><span class=\"wpcf7-form-control-wrap\" data-name=\"email\"><input size=\"40\" maxlength=\"400\" class=\"wpcf7-form-control wpcf7-email wpcf7-validates-as-required wpcf7-text wpcf7-validates-as-email\" aria-required=\"true\" aria-invalid=\"false\" placeholder=\"Your E-Mail*\" value=\"\" type=\"email\" name=\"email\" \/><\/span>\n\t\t<\/p>\n\t<\/div>\n\t<div class=\"one-half\" style=\"text-align:right\">\n\t\t<p><span class=\"wpcf7-form-control-wrap\" data-name=\"menu\"><select class=\"wpcf7-form-control wpcf7-select\" aria-invalid=\"false\" name=\"menu\"><option value=\"What are you interested in?\">What are you interested in?<\/option><option value=\"Mixfunds\">Mixfunds<\/option><option value=\"Spezialfunds\">Spezialfunds<\/option><\/select><\/span><span class=\"wpcf7-form-control-wrap\" data-name=\"telefon\"><input size=\"40\" maxlength=\"400\" class=\"wpcf7-form-control wpcf7-tel wpcf7-text wpcf7-validates-as-tel\" aria-invalid=\"false\" placeholder=\"Your Phone number\" value=\"\" type=\"tel\" name=\"telefon\" \/><\/span>\n\t\t<\/p>\n\t<\/div>\n\t<p><span class=\"wpcf7-form-control-wrap\" data-name=\"nachricht\"><textarea cols=\"40\" rows=\"10\" maxlength=\"2000\" class=\"wpcf7-form-control wpcf7-textarea\" aria-invalid=\"false\" placeholder=\"Your Message\" name=\"nachricht\"><\/textarea><\/span>\n\t<\/p>\n\t<div class=\"grey-pflichtfeld\">\n\t\t<p>* Required fields\n\t\t<\/p>\n\t<\/div>\n\t<p><span class=\"wpcf7-form-control-wrap\" data-name=\"acceptance-943\"><span class=\"wpcf7-form-control wpcf7-acceptance\"><span class=\"wpcf7-list-item\"><label><input type=\"checkbox\" name=\"acceptance-943\" value=\"1\" aria-invalid=\"false\" \/><span class=\"wpcf7-list-item-label\">I have read the <a target=\"_blank\" href=\"\/en\/private-policy\/\">Privacy Policy note.<\/a><\/span><\/label><\/span><\/span><\/span>\n\t<\/p>\n\t<div class=\"usp-cta\">\n\t\t<div class=\"usp-form\">\n\t\t\t<ul>\n\t\t\t\t<li>\n\t\t\t\t\t<p>SSL encrypted\n\t\t\t\t\t<\/p>\n\t\t\t\t<\/li>\n\t\t\t\t<li>\n\t\t\t\t\t<p>Fast response\n\t\t\t\t\t<\/p>\n\t\t\t\t<\/li>\n\t\t\t<\/ul>\n\t\t<\/div>\n\t\t<div class=\"submit-nazem\">\n\t\t\t<p><span id=\"wpcf7-69d8c08e02e0d-wrapper\" class=\"wpcf7-form-control-wrap firma-wrap\" style=\"display:none !important; visibility:hidden !important;\"><label for=\"wpcf7-69d8c08e02e0d-field\" class=\"hp-message\">Bitte lasse dieses Feld leer.<\/label><input id=\"wpcf7-69d8c08e02e0d-field\"  class=\"wpcf7-form-control wpcf7-text\" type=\"text\" name=\"firma\" value=\"\" size=\"40\" tabindex=\"-1\" autocomplete=\"new-password\" \/><\/span><br \/>\n<input class=\"wpcf7-form-control wpcf7-submit has-spinner\" type=\"submit\" value=\"Submit request\" \/>\n\t\t\t<\/p>\n\t\t<\/div>\n\t<\/div>\n<\/div><input type='hidden' class='wpcf7-pum' value='{\"closepopup\":false,\"closedelay\":0,\"openpopup\":false,\"openpopup_id\":0}' \/><div class=\"frc-captcha \" data-sitekey=\"FCMIRUSTR239MJ57\" data-lang=\"de\" ><\/div>\n\t\t<noscript>You need to enable Javascript for the anti-spam check.<\/noscript><div class=\"wpcf7-response-output\" aria-hidden=\"true\"><\/div>\n<\/form>\n<\/div>\n[\/et_pb_code][et_pb_text module_class=&#8221;kontaktdaten&#8221; _builder_version=&#8221;4.16&#8243; global_colors_info=&#8221;{}&#8221;]<\/p>\n<h2>Contact details<\/h2>\n<p>GAN\u00c9 Investment-AG mit Teilgesellschaftsverm\u00f6gen<br \/>\nEuropa-Allee 92-96<br \/>\n60486 Frankfurt am Main<br \/>\nGermany<\/p>\n<p><a class=\"tel\" href=\"tel:+4960214940120\">+49 6021 4940-120<\/a><a href=\"tel:+4960214940-127\" class=\"fax\">+49 6021 4940-127<\/a><a class=\"mail\" href=\"mailto:kontakt@gane-invest.de\">kontakt@gane-invest.de<\/a>[\/et_pb_text][\/et_pb_column_inner][\/et_pb_row_inner][\/et_pb_column][et_pb_column type=&#8221;1_4&#8243; _builder_version=&#8221;4.16&#8243; custom_padding=&#8221;|||&#8221; global_colors_info=&#8221;{}&#8221; custom_padding__hover=&#8221;|||&#8221;][et_pb_sidebar area=&#8221;et_pb_widget_area_2&#8243; module_class=&#8221;seitenleiste&#8221; _builder_version=&#8221;4.16&#8243; global_colors_info=&#8221;{}&#8221;][\/et_pb_sidebar][\/et_pb_column][\/et_pb_section]<\/p>\n","protected":false},"excerpt":{"rendered":"<p>Contact Formular\n<div class=\"wpcf7 no-js\" id=\"wpcf7-f894-o2\" lang=\"de-DE\" dir=\"ltr\" data-wpcf7-id=\"894\">\n<div class=\"screen-reader-response\"><p role=\"status\" aria-live=\"polite\" aria-atomic=\"true\"><\/p> <ul><\/ul><\/div>\n<form action=\"\/en\/wp-json\/wp\/v2\/pages\/810#wpcf7-f894-o2\" method=\"post\" class=\"wpcf7-form init\" aria-label=\"Kontaktformular\" novalidate=\"novalidate\" data-status=\"init\">\n<fieldset class=\"hidden-fields-container\"><input type=\"hidden\" name=\"_wpcf7\" value=\"894\" \/><input type=\"hidden\" name=\"_wpcf7_version\" value=\"6.1.5\" \/><input type=\"hidden\" name=\"_wpcf7_locale\" value=\"de_DE\" \/><input type=\"hidden\" name=\"_wpcf7_unit_tag\" value=\"wpcf7-f894-o2\" \/><input type=\"hidden\" name=\"_wpcf7_container_post\" value=\"0\" \/><input type=\"hidden\" name=\"_wpcf7_posted_data_hash\" value=\"\" \/>\n<\/fieldset>\n<div class=\"kontakt-form\">\n\t<div class=\"one-half\">\n\t\t<p><span class=\"wpcf7-form-control-wrap\" data-name=\"dername\"><input size=\"40\" maxlength=\"400\" class=\"wpcf7-form-control wpcf7-text wpcf7-validates-as-required\" aria-required=\"true\" aria-invalid=\"false\" placeholder=\"Your Name*\" value=\"\" type=\"text\" name=\"dername\" \/><\/span><span class=\"wpcf7-form-control-wrap\" data-name=\"email\"><input size=\"40\" maxlength=\"400\" class=\"wpcf7-form-control wpcf7-email wpcf7-validates-as-required wpcf7-text wpcf7-validates-as-email\" aria-required=\"true\" aria-invalid=\"false\" placeholder=\"Your E-Mail*\" value=\"\" type=\"email\" name=\"email\" \/><\/span>\n\t\t<\/p>\n\t<\/div>\n\t<div class=\"one-half\" style=\"text-align:right\">\n\t\t<p><span class=\"wpcf7-form-control-wrap\" data-name=\"menu\"><select class=\"wpcf7-form-control wpcf7-select\" aria-invalid=\"false\" name=\"menu\"><option value=\"What are you interested in?\">What are you interested in?<\/option><option value=\"Mixfunds\">Mixfunds<\/option><option value=\"Spezialfunds\">Spezialfunds<\/option><\/select><\/span><span class=\"wpcf7-form-control-wrap\" data-name=\"telefon\"><input size=\"40\" maxlength=\"400\" class=\"wpcf7-form-control wpcf7-tel wpcf7-text wpcf7-validates-as-tel\" aria-invalid=\"false\" placeholder=\"Your Phone number\" value=\"\" type=\"tel\" name=\"telefon\" \/><\/span>\n\t\t<\/p>\n\t<\/div>\n\t<p><span class=\"wpcf7-form-control-wrap\" data-name=\"nachricht\"><textarea cols=\"40\" rows=\"10\" maxlength=\"2000\" class=\"wpcf7-form-control wpcf7-textarea\" aria-invalid=\"false\" placeholder=\"Your Message\" name=\"nachricht\"><\/textarea><\/span>\n\t<\/p>\n\t<div class=\"grey-pflichtfeld\">\n\t\t<p>* Required fields\n\t\t<\/p>\n\t<\/div>\n\t<p><span class=\"wpcf7-form-control-wrap\" data-name=\"acceptance-943\"><span class=\"wpcf7-form-control wpcf7-acceptance\"><span class=\"wpcf7-list-item\"><label><input type=\"checkbox\" name=\"acceptance-943\" value=\"1\" aria-invalid=\"false\" \/><span class=\"wpcf7-list-item-label\">I have read the <a target=\"_blank\" href=\"\/en\/private-policy\/\">Privacy Policy note.<\/a><\/span><\/label><\/span><\/span><\/span>\n\t<\/p>\n\t<div class=\"usp-cta\">\n\t\t<div class=\"usp-form\">\n\t\t\t<ul>\n\t\t\t\t<li>\n\t\t\t\t\t<p>SSL encrypted\n\t\t\t\t\t<\/p>\n\t\t\t\t<\/li>\n\t\t\t\t<li>\n\t\t\t\t\t<p>Fast response\n\t\t\t\t\t<\/p>\n\t\t\t\t<\/li>\n\t\t\t<\/ul>\n\t\t<\/div>\n\t\t<div class=\"submit-nazem\">\n\t\t\t<p><span id=\"wpcf7-69d8c08e0bfd2-wrapper\" class=\"wpcf7-form-control-wrap firma-wrap\" style=\"display:none !important; visibility:hidden !important;\"><label for=\"wpcf7-69d8c08e0bfd2-field\" class=\"hp-message\">Bitte lasse dieses Feld leer.<\/label><input id=\"wpcf7-69d8c08e0bfd2-field\"  class=\"wpcf7-form-control wpcf7-text\" type=\"text\" name=\"firma\" value=\"\" size=\"40\" tabindex=\"-1\" autocomplete=\"new-password\" \/><\/span><br \/>\n<input class=\"wpcf7-form-control wpcf7-submit has-spinner\" type=\"submit\" value=\"Submit request\" \/>\n\t\t\t<\/p>\n\t\t<\/div>\n\t<\/div>\n<\/div><input type='hidden' class='wpcf7-pum' value='{\"closepopup\":false,\"closedelay\":0,\"openpopup\":false,\"openpopup_id\":0}' \/><div class=\"frc-captcha \" data-sitekey=\"FCMIRUSTR239MJ57\" data-lang=\"de\" ><\/div>\n\t\t<noscript>You need to enable Javascript for the anti-spam check.<\/noscript><div class=\"wpcf7-response-output\" aria-hidden=\"true\"><\/div>\n<\/form>\n<\/div>\nContact details GAN\u00c9 Investment-AG mit Teilgesellschaftsverm\u00f6gen Europa-Allee 92-96 60486 Frankfurt am Main Germany +49 6021 4940-120+49 6021 4940-127kontakt@gane-invest.de<\/p>\n","protected":false},"author":1,"featured_media":11297,"parent":0,"menu_order":0,"comment_status":"closed","ping_status":"closed","template":"unterseite.php","meta":{"_acf_changed":false,"_et_pb_use_builder":"on","_et_pb_old_content":"[et_pb_section fb_built=\"1\" specialty=\"on\" _builder_version=\"4.1\"][et_pb_column type=\"3_4\" specialty_columns=\"3\" _builder_version=\"3.25\" custom_padding=\"|||\" custom_padding__hover=\"|||\"][et_pb_row_inner module_id=\"portrait\" _builder_version=\"4.1\"][et_pb_column_inner saved_specialty_column_type=\"3_4\" _builder_version=\"4.1\"][et_pb_text admin_label=\"\u00dcberschrift\" module_class=\"ueberschrift\" _builder_version=\"4.1\"]<h2>Kontaktformular<\/h2>[\/et_pb_text][et_pb_code module_class=\"form2\" _builder_version=\"4.1\"][contact-form-7 id=\"4\" title=\"Kontaktformular\"][\/et_pb_code][et_pb_text module_class=\"kontaktdaten\" _builder_version=\"4.1\" hover_enabled=\"0\"]<h2>Kontaktdaten<\/h2>\r\n<p>GAN\u00c9 Aktiengesellschaft<br \/>Wei\u00dfenburger Stra\u00dfe 36<br \/>D-63739 Aschaffenburg<\/p>\r\n<p><a href=\"\" class=\"tel\">+49 6021 4940-120<\/a><a href=\"\" class=\"mail\">kontakt@gane.de<\/a><a href=\"\" class=\"linkedin\">GAN\u00c9 Aktiengesellschaft<\/a><\/p>[\/et_pb_text][\/et_pb_column_inner][\/et_pb_row_inner][\/et_pb_column][et_pb_column type=\"1_4\" _builder_version=\"3.25\" custom_padding=\"|||\" custom_padding__hover=\"|||\"][et_pb_sidebar area=\"et_pb_widget_area_2\" module_class=\"seitenleiste\" _builder_version=\"4.1\"][\/et_pb_sidebar][\/et_pb_column][\/et_pb_section]","_et_gb_content_width":"","inline_featured_image":false,"footnotes":""},"class_list":["post-810","page","type-page","status-publish","has-post-thumbnail","hentry"],"acf":[],"yoast_head":"<!-- This site is optimized with the Yoast SEO plugin v27.1.1 - https:\/\/yoast.com\/product\/yoast-seo-wordpress\/ -->\n<title>Contact - GAN\u00c9 Investment-AG mit TGV<\/title>\n<meta name=\"robots\" content=\"index, follow, max-snippet:-1, max-image-preview:large, max-video-preview:-1\" \/>\n<link rel=\"canonical\" href=\"https:\/\/gane-invest.de\/en\/contact\/\" \/>\n<meta property=\"og:locale\" content=\"en_US\" \/>\n<meta property=\"og:type\" content=\"article\" \/>\n<meta property=\"og:title\" content=\"Contact - GAN\u00c9 Investment-AG mit TGV\" \/>\n<meta property=\"og:description\" content=\"Contact FormularContact details GAN\u00c9 Investment-AG mit Teilgesellschaftsverm\u00f6gen Europa-Allee 92-96 60486 Frankfurt am Main Germany +49 6021 4940-120+49 6021 4940-127kontakt@gane-invest.de\" \/>\n<meta property=\"og:url\" content=\"https:\/\/gane-invest.de\/en\/contact\/\" \/>\n<meta property=\"og:site_name\" content=\"GAN\u00c9 Investment-AG mit TGV\" \/>\n<meta property=\"article:modified_time\" content=\"2024-02-02T12:46:36+00:00\" \/>\n<meta property=\"og:image\" content=\"https:\/\/gane-invest.de\/wp-content\/uploads\/2024\/02\/acatis-gane-aschaffenburg.jpg\" \/>\n\t<meta property=\"og:image:width\" content=\"2400\" \/>\n\t<meta property=\"og:image:height\" content=\"1006\" \/>\n\t<meta property=\"og:image:type\" content=\"image\/jpeg\" \/>\n<meta name=\"twitter:card\" content=\"summary_large_image\" \/>\n<meta name=\"twitter:label1\" content=\"Est. reading time\" \/>\n\t<meta name=\"twitter:data1\" content=\"1 minute\" \/>\n<script type=\"application\/ld+json\" class=\"yoast-schema-graph\">{\"@context\":\"https:\/\/schema.org\",\"@graph\":[{\"@type\":\"WebPage\",\"@id\":\"https:\/\/gane-invest.de\/en\/contact\/\",\"url\":\"https:\/\/gane-invest.de\/en\/contact\/\",\"name\":\"Contact - GAN\u00c9 Investment-AG mit TGV\",\"isPartOf\":{\"@id\":\"https:\/\/gane-invest.de\/#website\"},\"primaryImageOfPage\":{\"@id\":\"https:\/\/gane-invest.de\/en\/contact\/#primaryimage\"},\"image\":{\"@id\":\"https:\/\/gane-invest.de\/en\/contact\/#primaryimage\"},\"thumbnailUrl\":\"https:\/\/gane-invest.de\/wp-content\/uploads\/2024\/02\/acatis-gane-aschaffenburg.jpg\",\"datePublished\":\"2021-03-01T13:04:43+00:00\",\"dateModified\":\"2024-02-02T12:46:36+00:00\",\"breadcrumb\":{\"@id\":\"https:\/\/gane-invest.de\/en\/contact\/#breadcrumb\"},\"inLanguage\":\"en-US\",\"potentialAction\":[{\"@type\":\"ReadAction\",\"target\":[\"https:\/\/gane-invest.de\/en\/contact\/\"]}]},{\"@type\":\"ImageObject\",\"inLanguage\":\"en-US\",\"@id\":\"https:\/\/gane-invest.de\/en\/contact\/#primaryimage\",\"url\":\"https:\/\/gane-invest.de\/wp-content\/uploads\/2024\/02\/acatis-gane-aschaffenburg.jpg\",\"contentUrl\":\"https:\/\/gane-invest.de\/wp-content\/uploads\/2024\/02\/acatis-gane-aschaffenburg.jpg\",\"width\":2400,\"height\":1006,\"caption\":\"GAN\u00c9 Acatis Value Event Fonds\"},{\"@type\":\"BreadcrumbList\",\"@id\":\"https:\/\/gane-invest.de\/en\/contact\/#breadcrumb\",\"itemListElement\":[{\"@type\":\"ListItem\",\"position\":1,\"name\":\"Home\",\"item\":\"https:\/\/gane-invest.de\/en\/\"},{\"@type\":\"ListItem\",\"position\":2,\"name\":\"Contact\"}]},{\"@type\":\"WebSite\",\"@id\":\"https:\/\/gane-invest.de\/#website\",\"url\":\"https:\/\/gane-invest.de\/\",\"name\":\"GAN\u00c9 Investment-AG mit TGV\",\"description\":\"\",\"potentialAction\":[{\"@type\":\"SearchAction\",\"target\":{\"@type\":\"EntryPoint\",\"urlTemplate\":\"https:\/\/gane-invest.de\/?s={search_term_string}\"},\"query-input\":{\"@type\":\"PropertyValueSpecification\",\"valueRequired\":true,\"valueName\":\"search_term_string\"}}],\"inLanguage\":\"en-US\"}]}<\/script>\n<!-- \/ Yoast SEO plugin. -->","yoast_head_json":{"title":"Contact - GAN\u00c9 Investment-AG mit TGV","robots":{"index":"index","follow":"follow","max-snippet":"max-snippet:-1","max-image-preview":"max-image-preview:large","max-video-preview":"max-video-preview:-1"},"canonical":"https:\/\/gane-invest.de\/en\/contact\/","og_locale":"en_US","og_type":"article","og_title":"Contact - GAN\u00c9 Investment-AG mit TGV","og_description":"Contact FormularContact details GAN\u00c9 Investment-AG mit Teilgesellschaftsverm\u00f6gen Europa-Allee 92-96 60486 Frankfurt am Main Germany +49 6021 4940-120+49 6021 4940-127kontakt@gane-invest.de","og_url":"https:\/\/gane-invest.de\/en\/contact\/","og_site_name":"GAN\u00c9 Investment-AG mit TGV","article_modified_time":"2024-02-02T12:46:36+00:00","og_image":[{"width":2400,"height":1006,"url":"https:\/\/gane-invest.de\/wp-content\/uploads\/2024\/02\/acatis-gane-aschaffenburg.jpg","type":"image\/jpeg"}],"twitter_card":"summary_large_image","twitter_misc":{"Est. reading time":"1 minute"},"schema":{"@context":"https:\/\/schema.org","@graph":[{"@type":"WebPage","@id":"https:\/\/gane-invest.de\/en\/contact\/","url":"https:\/\/gane-invest.de\/en\/contact\/","name":"Contact - GAN\u00c9 Investment-AG mit TGV","isPartOf":{"@id":"https:\/\/gane-invest.de\/#website"},"primaryImageOfPage":{"@id":"https:\/\/gane-invest.de\/en\/contact\/#primaryimage"},"image":{"@id":"https:\/\/gane-invest.de\/en\/contact\/#primaryimage"},"thumbnailUrl":"https:\/\/gane-invest.de\/wp-content\/uploads\/2024\/02\/acatis-gane-aschaffenburg.jpg","datePublished":"2021-03-01T13:04:43+00:00","dateModified":"2024-02-02T12:46:36+00:00","breadcrumb":{"@id":"https:\/\/gane-invest.de\/en\/contact\/#breadcrumb"},"inLanguage":"en-US","potentialAction":[{"@type":"ReadAction","target":["https:\/\/gane-invest.de\/en\/contact\/"]}]},{"@type":"ImageObject","inLanguage":"en-US","@id":"https:\/\/gane-invest.de\/en\/contact\/#primaryimage","url":"https:\/\/gane-invest.de\/wp-content\/uploads\/2024\/02\/acatis-gane-aschaffenburg.jpg","contentUrl":"https:\/\/gane-invest.de\/wp-content\/uploads\/2024\/02\/acatis-gane-aschaffenburg.jpg","width":2400,"height":1006,"caption":"GAN\u00c9 Acatis Value Event Fonds"},{"@type":"BreadcrumbList","@id":"https:\/\/gane-invest.de\/en\/contact\/#breadcrumb","itemListElement":[{"@type":"ListItem","position":1,"name":"Home","item":"https:\/\/gane-invest.de\/en\/"},{"@type":"ListItem","position":2,"name":"Contact"}]},{"@type":"WebSite","@id":"https:\/\/gane-invest.de\/#website","url":"https:\/\/gane-invest.de\/","name":"GAN\u00c9 Investment-AG mit TGV","description":"","potentialAction":[{"@type":"SearchAction","target":{"@type":"EntryPoint","urlTemplate":"https:\/\/gane-invest.de\/?s={search_term_string}"},"query-input":{"@type":"PropertyValueSpecification","valueRequired":true,"valueName":"search_term_string"}}],"inLanguage":"en-US"}]}},"_links":{"self":[{"href":"https:\/\/gane-invest.de\/en\/wp-json\/wp\/v2\/pages\/810","targetHints":{"allow":["GET"]}}],"collection":[{"href":"https:\/\/gane-invest.de\/en\/wp-json\/wp\/v2\/pages"}],"about":[{"href":"https:\/\/gane-invest.de\/en\/wp-json\/wp\/v2\/types\/page"}],"author":[{"embeddable":true,"href":"https:\/\/gane-invest.de\/en\/wp-json\/wp\/v2\/users\/1"}],"replies":[{"embeddable":true,"href":"https:\/\/gane-invest.de\/en\/wp-json\/wp\/v2\/comments?post=810"}],"version-history":[{"count":8,"href":"https:\/\/gane-invest.de\/en\/wp-json\/wp\/v2\/pages\/810\/revisions"}],"predecessor-version":[{"id":11324,"href":"https:\/\/gane-invest.de\/en\/wp-json\/wp\/v2\/pages\/810\/revisions\/11324"}],"wp:featuredmedia":[{"embeddable":true,"href":"https:\/\/gane-invest.de\/en\/wp-json\/wp\/v2\/media\/11297"}],"wp:attachment":[{"href":"https:\/\/gane-invest.de\/en\/wp-json\/wp\/v2\/media?parent=810"}],"curies":[{"name":"wp","href":"https:\/\/api.w.org\/{rel}","templated":true}]}}