{"id":772,"date":"2021-01-28T10:58:46","date_gmt":"2021-01-28T10:58:46","guid":{"rendered":"https:\/\/gane-aktiengesellschaft.aw002.de\/?page_id=772"},"modified":"2024-05-15T13:34:56","modified_gmt":"2024-05-15T11:34:56","slug":"startseite","status":"publish","type":"page","link":"https:\/\/gane-invest.de\/en\/","title":{"rendered":"Startseite"},"content":{"rendered":"<p>[et_pb_section fb_built=&#8221;1&#8243; fullwidth=&#8221;on&#8221; module_class=&#8221;hero-bild&#8221; _builder_version=&#8221;4.16&#8243; background_enable_image=&#8221;off&#8221; global_colors_info=&#8221;{}&#8221;][et_pb_fullwidth_code module_class=&#8221;pfeil&#8221; _builder_version=&#8221;4.22.2&#8243; global_colors_info=&#8221;{}&#8221;]<a href=\"#fonds\" class=\"pfeil-runter\"><\/a>[\/et_pb_fullwidth_code][et_pb_fullwidth_slider show_pagination=&#8221;off&#8221; _builder_version=&#8221;4.22.2&#8243; global_colors_info=&#8221;{}&#8221;][et_pb_slide _builder_version=&#8221;4.22.2&#8243; background_enable_color=&#8221;off&#8221; background_image=&#8221;https:\/\/gane-invest.de\/wp-content\/uploads\/2024\/02\/gane-acatis-value-event-fonds-scaled.jpg&#8221; background_enable_image=&#8221;on&#8221; global_colors_info=&#8221;{}&#8221; sticky_transition=&#8221;on&#8221;]<\/p>\n<h1>&#8220;The fundamental things apply as time goes by.&#8221;<\/h1>\n<p>from the movie Casablanca, 1942[\/et_pb_slide][\/et_pb_fullwidth_slider][\/et_pb_section][et_pb_section fb_built=&#8221;1&#8243; module_id=&#8221;fonds&#8221; module_class=&#8221;linkkacheln&#8221; _builder_version=&#8221;4.16&#8243; locked=&#8221;off&#8221; global_colors_info=&#8221;{}&#8221;][et_pb_row _builder_version=&#8221;4.16&#8243; custom_padding=&#8221;||0px||false|false&#8221; global_colors_info=&#8221;{}&#8221;][et_pb_column type=&#8221;4_4&#8243; _builder_version=&#8221;4.16&#8243; global_colors_info=&#8221;{}&#8221;][et_pb_text admin_label=&#8221;FONDS&#8221; _builder_version=&#8221;4.22.2&#8243; global_colors_info=&#8221;{}&#8221;]<\/p>\n<h2>FUNDS IN DETAIL<\/h2>\n<p>[\/et_pb_text][\/et_pb_column][\/et_pb_row][et_pb_row column_structure=&#8221;1_2,1_2&#8243; use_custom_gutter=&#8221;on&#8221; gutter_width=&#8221;2&#8243; admin_label=&#8221;Fonds&#8221; module_class=&#8221;fonds fondsreihe&#8221; _builder_version=&#8221;4.22.2&#8243; global_colors_info=&#8221;{}&#8221;][et_pb_column type=&#8221;1_2&#8243; admin_label=&#8221;GAN\u00c9 Value Event Fund&#8221; _builder_version=&#8221;4.16&#8243; global_colors_info=&#8221;{}&#8221;][et_pb_image src=&#8221;https:\/\/gane-invest.de\/wp-content\/uploads\/2023\/12\/gane-fond-gebaeude.jpg&#8221; title_text=&#8221;gane-fond-gebaeude&#8221; module_class=&#8221;fond-bild&#8221; _builder_version=&#8221;4.24.0&#8243; global_colors_info=&#8221;{}&#8221;][\/et_pb_image][et_pb_text _builder_version=&#8221;4.24.3&#8243; background_enable_image=&#8221;off&#8221; link_option_url=&#8221;https:\/\/gane-invest.de\/en\/gane-value-event-fund\/&#8221; link_option_url_new_window=&#8221;on&#8221; global_colors_info=&#8221;{}&#8221;]<\/p>\n<h3>GAN\u00c9 Investment-AG<\/h3>\n<p>&#8220;GAN\u00c9 Value Event Fund&#8221;<\/p>\n<p> <a title=\"GAN\u00c9 Value Event Fund\" href=\"https:\/\/gane-invest.de\/en\/gane-value-event-fund\/\" target=\"_blank\" rel=\"noopener\"><span class=\"hide-for-ipad10-5\">to the<\/span> balanced fund<\/a>[\/et_pb_text][\/et_pb_column][et_pb_column type=&#8221;1_2&#8243; admin_label=&#8221;GAN\u00c9 Global Equity Fund&#8221; _builder_version=&#8221;4.16&#8243; global_colors_info=&#8221;{}&#8221;][et_pb_image src=&#8221;https:\/\/gane-invest.de\/wp-content\/uploads\/2022\/10\/gane-invest-pompejanum.jpg&#8221; alt=&#8221;GAN\u00c9 Global Equity Fund&#8221; title_text=&#8221;GAN\u00c9 Global Equity Fund&#8221; module_class=&#8221;fond-bild&#8221; _builder_version=&#8221;4.22.2&#8243; global_colors_info=&#8221;{}&#8221;][\/et_pb_image][et_pb_text _builder_version=&#8221;4.24.3&#8243; background_enable_image=&#8221;off&#8221; link_option_url=&#8221;\/en\/gane-global-equity-fund\/&#8221; link_option_url_new_window=&#8221;on&#8221; global_colors_info=&#8221;{}&#8221;]<\/p>\n<h3>GAN\u00c9 Investment-AG<\/h3>\n<p>&#8220;GAN\u00c9 Global Equity Fund&#8221; <a title=\"GAN\u00c9 Global Equity Fund\" alt=\"GAN\u00c9 Global Equity Fund\" href=\"\/en\/gane-global-equity-fund\/\" target=\"_blank\" rel=\"noopener\"><span class=\"hide-for-ipad10-5\">to the<\/span> equity fund<\/a><\/p>\n<p>[\/et_pb_text][\/et_pb_column][\/et_pb_row][et_pb_row column_structure=&#8221;1_2,1_2&#8243; use_custom_gutter=&#8221;on&#8221; gutter_width=&#8221;2&#8243; admin_label=&#8221;Fonds&#8221; module_class=&#8221;fonds fondsreihe fonds2&#8243; _builder_version=&#8221;4.22.2&#8243; global_colors_info=&#8221;{}&#8221;][et_pb_column type=&#8221;1_2&#8243; admin_label=&#8221;GAN\u00c9 Business Partner Fund&#8221; _builder_version=&#8221;4.16&#8243; global_colors_info=&#8221;{}&#8221;][et_pb_image src=&#8221;https:\/\/gane-invest.de\/wp-content\/uploads\/2023\/12\/gane-business-partner-fund-1.jpg&#8221; title_text=&#8221;gane-business-partner-fund&#8221; module_class=&#8221;position fond-bild&#8221; _builder_version=&#8221;4.22.2&#8243; global_colors_info=&#8221;{}&#8221;][\/et_pb_image][et_pb_text _builder_version=&#8221;4.24.3&#8243; background_enable_image=&#8221;off&#8221; link_option_url=&#8221;\/en\/gane-business-partner-fund\/&#8221; link_option_url_new_window=&#8221;on&#8221; global_colors_info=&#8221;{}&#8221;]<\/p>\n<h3>GAN\u00c9 Investment-AG<\/h3>\n<p>&#8220;GAN\u00c9 Business Partner Fund&#8221; <a title=\"GAN\u00c9 Business Partner Fund\" alt=\"GAN\u00c9 Business Partner Fund\" href=\"\/en\/gane-business-partner-fund\/\" target=\"_blank\" rel=\"noopener\"><span class=\"hide-for-ipad10-5\">to the<\/span> special fund<\/a><\/p>\n<p>[\/et_pb_text][\/et_pb_column][et_pb_column type=&#8221;1_2&#8243; admin_label=&#8221;ACATIS Value Event Fonds&#8221; _builder_version=&#8221;4.16&#8243; global_colors_info=&#8221;{}&#8221;][et_pb_image src=&#8221;https:\/\/gane-invest.de\/wp-content\/uploads\/2021\/03\/shutterstock_1900499071.jpg&#8221; module_class=&#8221;fond-bild&#8221; _builder_version=&#8221;4.22.2&#8243; global_colors_info=&#8221;{}&#8221;][\/et_pb_image][et_pb_text _builder_version=&#8221;4.24.3&#8243; background_enable_image=&#8221;off&#8221; link_option_url=&#8221;https:\/\/gane.de\/en\/acatis-gane-value-event-fonds\/&#8221; link_option_url_new_window=&#8221;on&#8221; global_colors_info=&#8221;{}&#8221;]<\/p>\n<h3>GAN\u00c9 Aktiengesellschaft<\/h3>\n<p>&#8220;ACATIS Value Event Fonds&#8221;<br \/>\n(former ACATIS GAN\u00c9 Value Event Fonds)<\/p>\n<p class=\"schild\">2008 &#8211; March 2024<\/p>\n<p><a title=\"ACATIS Value Event Fonds\" href=\"https:\/\/gane.de\/en\/acatis-gane-value-event-fonds\/\" target=\"_blank\" rel=\"noopener\"><span class=\"hide-for-ipad10-5\"><\/span>To the Statement<\/a>[\/et_pb_text][\/et_pb_column][\/et_pb_row][\/et_pb_section][et_pb_section fb_built=&#8221;1&#8243; module_class=&#8221;grau text-bild&#8221; _builder_version=&#8221;4.16&#8243; global_colors_info=&#8221;{}&#8221;][et_pb_row column_structure=&#8221;1_2,1_2&#8243; _builder_version=&#8221;4.16&#8243; global_colors_info=&#8221;{}&#8221;][et_pb_column type=&#8221;1_2&#8243; _builder_version=&#8221;4.16&#8243; global_colors_info=&#8221;{}&#8221;][et_pb_text admin_label=&#8221;\u00dcber GANE&#8221; _builder_version=&#8221;4.16&#8243; global_colors_info=&#8221;{}&#8221;]<\/p>\n<h2>About GAN\u00c9<\/h2>\n<p>GAN\u00c9 Investment-AG mit Teilgesellschaftsverm\u00f6gen, Frankfurt am Main, is a fund management company under German law that was established in 2018. As a non-bank and owner-run capital management company (KVG), it has the legal form of an externally managed investment stock corporation with variable capital and sub-funds within the meaning of Section 1 (13) KAGB in conjunction with Section 110 (2) KAGB. Universal-Investment-Gesellschaft mbH, Frankfurt am Main, is in charge of the external administration.<\/p>\n<p><a href=\"\/en\/company\/\" class=\"mehr-btn\">More infos<\/a><\/p>\n<p>[\/et_pb_text][\/et_pb_column][et_pb_column type=&#8221;1_2&#8243; _builder_version=&#8221;4.16&#8243; global_colors_info=&#8221;{}&#8221;][et_pb_image src=&#8221;https:\/\/gane.de\/wp-content\/uploads\/2021\/01\/URHMMH-2020.jpg&#8221; _builder_version=&#8221;4.16&#8243; global_colors_info=&#8221;{}&#8221;][\/et_pb_image][\/et_pb_column][\/et_pb_row][\/et_pb_section][et_pb_section fb_built=&#8221;1&#8243; module_class=&#8221;newsletter-row&#8221; _builder_version=&#8221;4.16&#8243; global_colors_info=&#8221;{}&#8221;][et_pb_row disabled_on=&#8221;on|on|on&#8221; admin_label=&#8221;Newsletter (old)&#8221; module_class=&#8221;tab-newsletter&#8221; _builder_version=&#8221;4.18.0&#8243; disabled=&#8221;on&#8221; locked=&#8221;off&#8221; global_colors_info=&#8221;{}&#8221;][et_pb_column type=&#8221;4_4&#8243; _builder_version=&#8221;4.16&#8243; global_colors_info=&#8221;{}&#8221;][et_pb_tabs module_class=&#8221;newsletter-box&#8221; _builder_version=&#8221;4.16&#8243; global_colors_info=&#8221;{}&#8221;][et_pb_tab title=&#8221;Special Fund&#8221; _builder_version=&#8221;4.16&#8243; global_colors_info=&#8221;{}&#8221;]<\/p>\n<div class=\"one-half half-min newsletter-anmeldung\">\n<h2>Newsletter<\/h2>\n<ul>\n<li class=\"news-icon\">Quarterly report<\/li>\n<\/ul>\n<p>Request for our quarterly newsletter.<br \/>\n\n\t<section id=\"yikes-mailchimp-container-4\" class=\"yikes-mailchimp-container yikes-mailchimp-container-4 \">\n\t\t\t\t<form id=\"spezialfonds-englisch-4\" class=\"yikes-easy-mc-form yikes-easy-mc-form-4  \" method=\"POST\" data-attr-form-id=\"4\">\n\n\t\t\t\t\t\t\t\t\t\t\t\t\t<label for=\"yikes-easy-mc-form-4-FNAME\"  class=\"FNAME-label yikes-mailchimp-field-required \">\n\n\t\t\t\t\t\t\t\t\t\t<!-- dictate label visibility -->\n\t\t\t\t\t\t\t\t\t\t\n\t\t\t\t\t\t\t\t\t\t<!-- Description Above -->\n\t\t\t\t\t\t\t\t\t\t\n\t\t\t\t\t\t\t\t\t\t<input id=\"yikes-easy-mc-form-4-FNAME\"  name=\"FNAME\"  placeholder=\"First Name*\"  class=\"yikes-easy-mc-text field-no-label\"  required=\"required\" type=\"text\"  value=\"\">\n\n\t\t\t\t\t\t\t\t\t\t<!-- Description Below -->\n\t\t\t\t\t\t\t\t\t\t\n\t\t\t\t\t\t\t\t\t<\/label>\n\t\t\t\t\t\t\t\t\t\t\t\t\t\t\t\t\t\t<label for=\"yikes-easy-mc-form-4-LNAME\"  class=\"LNAME-label yikes-mailchimp-field-required \">\n\n\t\t\t\t\t\t\t\t\t\t<!-- dictate label visibility -->\n\t\t\t\t\t\t\t\t\t\t\n\t\t\t\t\t\t\t\t\t\t<!-- Description Above -->\n\t\t\t\t\t\t\t\t\t\t\n\t\t\t\t\t\t\t\t\t\t<input id=\"yikes-easy-mc-form-4-LNAME\"  name=\"LNAME\"  placeholder=\"Last Name*\"  class=\"yikes-easy-mc-text field-no-label\"  required=\"required\" type=\"text\"  value=\"\">\n\n\t\t\t\t\t\t\t\t\t\t<!-- Description Below -->\n\t\t\t\t\t\t\t\t\t\t\n\t\t\t\t\t\t\t\t\t<\/label>\n\t\t\t\t\t\t\t\t\t\t\t\t\t\t\t\t\t\t<label for=\"yikes-easy-mc-form-4-EMAIL\"  class=\"EMAIL-label yikes-mailchimp-field-required \">\n\n\t\t\t\t\t\t\t\t\t\t<!-- dictate label visibility -->\n\t\t\t\t\t\t\t\t\t\t\n\t\t\t\t\t\t\t\t\t\t<!-- Description Above -->\n\t\t\t\t\t\t\t\t\t\t\n\t\t\t\t\t\t\t\t\t\t<input id=\"yikes-easy-mc-form-4-EMAIL\"  name=\"EMAIL\"  placeholder=\"Email Address*\"  class=\"yikes-easy-mc-email field-no-label\"  required=\"required\" type=\"email\"  value=\"\">\n\n\t\t\t\t\t\t\t\t\t\t<!-- Description Below -->\n\t\t\t\t\t\t\t\t\t\t\n\t\t\t\t\t\t\t\t\t<\/label>\n\t\t\t\t\t\t\t\t\t\n\t\t\t\t\t\t\t\t\t<label for=\"yikes-easy-mc-form-4-MOBILENR\"  class=\"MOBILENR-label \">\n\n\t\t\t\t\t\t\t\t\t\t<!-- dictate label visibility -->\n\t\t\t\t\t\t\t\t\t\t\n\t\t\t\t\t\t\t\t\t\t<!-- Description Above -->\n\t\t\t\t\t\t\t\t\t\t\n\t\t\t\t\t\t\t\t\t\t<input id=\"yikes-easy-mc-form-4-MOBILENR\"  name=\"MOBILENR\"  placeholder=\"Phone Number\"  class=\"yikes-easy-mc-phone field-no-label\"   type=\"text\"  data-phone-type=\"international\" title=\"International Phone Number\" pattern=\"[0-9,-,+]{1,}\"  value=\"\">\n\n\t\t\t\t\t\t\t\t\t\t<!-- Description Below -->\n\t\t\t\t\t\t\t\t\t\t\n\t\t\t\t\t\t\t\t\t<\/label>\n\t\t\t\t\t\t\t\t\t\n\t\t\t\t<!-- Honeypot Trap -->\n\t\t\t\t<input type=\"hidden\" name=\"yikes-mailchimp-honeypot\" id=\"yikes-mailchimp-honeypot-4\" value=\"\">\n\n\t\t\t\t<!-- List ID -->\n\t\t\t\t<input type=\"hidden\" name=\"yikes-mailchimp-associated-list-id\" id=\"yikes-mailchimp-associated-list-id-4\" value=\"5947a28b73\">\n\n\t\t\t\t<!-- The form that is being submitted! Used to display error\/success messages above the correct form -->\n\t\t\t\t<input type=\"hidden\" name=\"yikes-mailchimp-submitted-form\" id=\"yikes-mailchimp-submitted-form-4\" value=\"4\">\n\n\t\t\t\t<!-- Submit Button -->\n\t\t\t\t<button type=\"submit\" class=\"yikes-easy-mc-submit-button yikes-easy-mc-submit-button-4 btn btn-primary \"> <span class=\"yikes-mailchimp-submit-button-span-text\">REQUEST NOW<\/span><\/button>\t\t\t\t<!-- Nonce Security Check -->\n\t\t\t\t<input type=\"hidden\" id=\"yikes_easy_mc_new_subscriber_4\" name=\"yikes_easy_mc_new_subscriber\" value=\"91a33daee9\">\n\t\t\t\t<input type=\"hidden\" name=\"_wp_http_referer\" value=\"\/en\/wp-json\/wp\/v2\/pages\/772\" \/>\n\t\t\t<\/form>\n\t\t\t<!-- Mailchimp Form generated by Easy Forms for Mailchimp v6.9.0 (https:\/\/wordpress.org\/plugins\/yikes-inc-easy-mailchimp-extender\/) -->\n\n\t\t\t<\/section>\n\t\n<\/p><\/div>\n<div class=\"one-half half-min\"><img decoding=\"async\" src=\"\/wp-content\/uploads\/2021\/05\/gane-newsletter.jpg\" alt=\"Newsletter GAN\u00c9 Invest\" title=\"Newsletter GAN\u00c9 Invest\" class=\"img-news\"><\/div>\n<p>[\/et_pb_tab][et_pb_tab title=&#8221;Balanced Fund&#8221; _builder_version=&#8221;4.16&#8243; global_colors_info=&#8221;{}&#8221;]<\/p>\n<div class=\"one-half half-min newsletter-anmeldung\">\n<h2>Newsletter<\/h2>\n<ul>\n<li class=\"news-icon\">Monthly report<\/li>\n<li class=\"news-icon\">Investment report<\/li>\n<\/ul>\n<p>Receive our monthly newsletter regularly.<br \/>\n\n\t<section id=\"yikes-mailchimp-container-6\" class=\"yikes-mailchimp-container yikes-mailchimp-container-6 \">\n\t\t\t\t<form id=\"mischfonds-englisch-6\" class=\"yikes-easy-mc-form yikes-easy-mc-form-6  \" method=\"POST\" data-attr-form-id=\"6\">\n\n\t\t\t\t\t\t\t\t\t\t\t\t\t<label for=\"yikes-easy-mc-form-6-FNAME\"  class=\"FNAME-label yikes-mailchimp-field-required \">\n\n\t\t\t\t\t\t\t\t\t\t<!-- dictate label visibility -->\n\t\t\t\t\t\t\t\t\t\t\n\t\t\t\t\t\t\t\t\t\t<!-- Description Above -->\n\t\t\t\t\t\t\t\t\t\t\n\t\t\t\t\t\t\t\t\t\t<input id=\"yikes-easy-mc-form-6-FNAME\"  name=\"FNAME\"  placeholder=\"First Name*\"  class=\"yikes-easy-mc-text field-no-label\"  required=\"required\" type=\"text\"  value=\"\">\n\n\t\t\t\t\t\t\t\t\t\t<!-- Description Below -->\n\t\t\t\t\t\t\t\t\t\t\n\t\t\t\t\t\t\t\t\t<\/label>\n\t\t\t\t\t\t\t\t\t\t\t\t\t\t\t\t\t\t<label for=\"yikes-easy-mc-form-6-LNAME\"  class=\"LNAME-label yikes-mailchimp-field-required \">\n\n\t\t\t\t\t\t\t\t\t\t<!-- dictate label visibility -->\n\t\t\t\t\t\t\t\t\t\t\n\t\t\t\t\t\t\t\t\t\t<!-- Description Above -->\n\t\t\t\t\t\t\t\t\t\t\n\t\t\t\t\t\t\t\t\t\t<input id=\"yikes-easy-mc-form-6-LNAME\"  name=\"LNAME\"  placeholder=\"Last Name*\"  class=\"yikes-easy-mc-text field-no-label\"  required=\"required\" type=\"text\"  value=\"\">\n\n\t\t\t\t\t\t\t\t\t\t<!-- Description Below -->\n\t\t\t\t\t\t\t\t\t\t\n\t\t\t\t\t\t\t\t\t<\/label>\n\t\t\t\t\t\t\t\t\t\t\t\t\t\t\t\t\t\t<label for=\"yikes-easy-mc-form-6-EMAIL\"  class=\"EMAIL-label yikes-mailchimp-field-required \">\n\n\t\t\t\t\t\t\t\t\t\t<!-- dictate label visibility -->\n\t\t\t\t\t\t\t\t\t\t\n\t\t\t\t\t\t\t\t\t\t<!-- Description Above -->\n\t\t\t\t\t\t\t\t\t\t\n\t\t\t\t\t\t\t\t\t\t<input id=\"yikes-easy-mc-form-6-EMAIL\"  name=\"EMAIL\"  placeholder=\"Email Address*\"  class=\"yikes-easy-mc-email field-no-label\"  required=\"required\" type=\"email\"  value=\"\">\n\n\t\t\t\t\t\t\t\t\t\t<!-- Description Below -->\n\t\t\t\t\t\t\t\t\t\t\n\t\t\t\t\t\t\t\t\t<\/label>\n\t\t\t\t\t\t\t\t\t\n\t\t\t\t\t\t\t\t\t<label for=\"yikes-easy-mc-form-6-MOBILENR\"  class=\"MOBILENR-label \">\n\n\t\t\t\t\t\t\t\t\t\t<!-- dictate label visibility -->\n\t\t\t\t\t\t\t\t\t\t\n\t\t\t\t\t\t\t\t\t\t<!-- Description Above -->\n\t\t\t\t\t\t\t\t\t\t\n\t\t\t\t\t\t\t\t\t\t<input id=\"yikes-easy-mc-form-6-MOBILENR\"  name=\"MOBILENR\"  placeholder=\"Phone Number\"  class=\"yikes-easy-mc-phone field-no-label\"   type=\"text\"  data-phone-type=\"international\" title=\"International Phone Number\" pattern=\"[0-9,-,+]{1,}\"  value=\"\">\n\n\t\t\t\t\t\t\t\t\t\t<!-- Description Below -->\n\t\t\t\t\t\t\t\t\t\t\n\t\t\t\t\t\t\t\t\t<\/label>\n\t\t\t\t\t\t\t\t\t\n\t\t\t\t<!-- Honeypot Trap -->\n\t\t\t\t<input type=\"hidden\" name=\"yikes-mailchimp-honeypot\" id=\"yikes-mailchimp-honeypot-6\" value=\"\">\n\n\t\t\t\t<!-- List ID -->\n\t\t\t\t<input type=\"hidden\" name=\"yikes-mailchimp-associated-list-id\" id=\"yikes-mailchimp-associated-list-id-6\" value=\"3d72780052\">\n\n\t\t\t\t<!-- The form that is being submitted! Used to display error\/success messages above the correct form -->\n\t\t\t\t<input type=\"hidden\" name=\"yikes-mailchimp-submitted-form\" id=\"yikes-mailchimp-submitted-form-6\" value=\"6\">\n\n\t\t\t\t<!-- Submit Button -->\n\t\t\t\t<button type=\"submit\" class=\"yikes-easy-mc-submit-button yikes-easy-mc-submit-button-6 btn btn-primary \"> <span class=\"yikes-mailchimp-submit-button-span-text\">Subscribe now<\/span><\/button>\t\t\t\t<!-- Nonce Security Check -->\n\t\t\t\t<input type=\"hidden\" id=\"yikes_easy_mc_new_subscriber_6\" name=\"yikes_easy_mc_new_subscriber\" value=\"91a33daee9\">\n\t\t\t\t<input type=\"hidden\" name=\"_wp_http_referer\" value=\"\/en\/wp-json\/wp\/v2\/pages\/772\" \/>\n\t\t\t<\/form>\n\t\t\t<!-- Mailchimp Form generated by Easy Forms for Mailchimp v6.9.0 (https:\/\/wordpress.org\/plugins\/yikes-inc-easy-mailchimp-extender\/) -->\n\n\t\t\t<\/section>\n\t\n<\/p><\/div>\n<div class=\"one-half half-min\"><img decoding=\"async\" src=\"\/wp-content\/uploads\/2021\/05\/gane-newsletter.jpg\" alt=\"Newsletter GAN\u00c9 Invest\" title=\"Newsletter GAN\u00c9 Invest\" class=\"img-news\"><\/div>\n<p>[\/et_pb_tab][\/et_pb_tabs][\/et_pb_column][\/et_pb_row][et_pb_row admin_label=&#8221;.tab-newsletter (sichtbar)&#8221; module_class=&#8221;tab-newsletter&#8221; _builder_version=&#8221;4.18.0&#8243; _module_preset=&#8221;default&#8221; global_colors_info=&#8221;{}&#8221;][et_pb_column type=&#8221;4_4&#8243; _builder_version=&#8221;4.18.0&#8243; _module_preset=&#8221;default&#8221; global_colors_info=&#8221;{}&#8221;][et_pb_text admin_label=&#8221;Newsletter (CTA)&#8221; _builder_version=&#8221;4.18.0&#8243; _module_preset=&#8221;default&#8221; global_colors_info=&#8221;{}&#8221;]<\/p>\n<div class=\"one-half half-min newsletter-anmeldung\">\n<div class=\"inner-newsletter-anmeldung\">\n<h2>Newsletter<\/h2>\n<ul>\n<li class=\"news-icon\">Monthly reports<\/li>\n<li class=\"news-icon\">Investment reports<\/li>\n<li class=\"news-icon\">Fund updates<\/li>\n<li class=\"news-icon\">Event information<\/li>\n<\/ul>\n<p class=\"pb-0\">Be part of the GAN\u00c9 network and subscribe to our monthly newsletter.<br \/>\n<a href=\"#\" class=\"mehr-button button-open-news-popup\">Request Now<\/a>\n<\/p>\n<\/div>\n<\/div>\n<div class=\"one-half half-min\"><img decoding=\"async\" class=\"img-news\" src=\"\/wp-content\/uploads\/2021\/05\/gane-newsletter.jpg\" alt=\"Newsletter GAN\u00c9\" title=\"Newsletter GAN\u00c9\" \/><\/div>\n<p>[\/et_pb_text][\/et_pb_column][\/et_pb_row][\/et_pb_section]<\/p>\n","protected":false},"excerpt":{"rendered":"<p>&#8220;The fundamental things apply as time goes by.&#8221; from the movie Casablanca, 1942FUNDS IN DETAILGAN\u00c9 Investment-AG &#8220;GAN\u00c9 Value Event Fund&#8221; to the balanced fundGAN\u00c9 Investment-AG &#8220;GAN\u00c9 Global Equity Fund&#8221; to the equity fundGAN\u00c9 Investment-AG &#8220;GAN\u00c9 Business Partner Fund&#8221; to the special fundGAN\u00c9 Aktiengesellschaft &#8220;ACATIS Value Event Fonds&#8221; (former ACATIS GAN\u00c9 Value Event Fonds) 2008 &#8211; [&hellip;]<\/p>\n","protected":false},"author":1,"featured_media":0,"parent":0,"menu_order":0,"comment_status":"closed","ping_status":"closed","template":"","meta":{"_acf_changed":false,"_et_pb_use_builder":"on","_et_pb_old_content":"","_et_gb_content_width":"","inline_featured_image":false,"footnotes":""},"class_list":["post-772","page","type-page","status-publish","hentry"],"acf":[],"yoast_head":"<!-- This site is optimized with the Yoast SEO plugin v27.1.1 - https:\/\/yoast.com\/product\/yoast-seo-wordpress\/ -->\n<title>GAN\u00c9 Investment-AG mit TGV |\u00a0We invest in winners.<\/title>\n<meta name=\"robots\" content=\"index, follow, max-snippet:-1, max-image-preview:large, max-video-preview:-1\" \/>\n<link rel=\"canonical\" href=\"https:\/\/gane-invest.de\/en\/\" \/>\n<meta property=\"og:locale\" content=\"en_US\" \/>\n<meta property=\"og:type\" content=\"article\" \/>\n<meta property=\"og:title\" content=\"GAN\u00c9 Investment-AG mit TGV |\u00a0We invest in winners.\" \/>\n<meta property=\"og:description\" content=\"&quot;The fundamental things apply as time goes by.&quot; from the movie Casablanca, 1942FUNDS IN DETAILGAN\u00c9 Investment-AG &quot;GAN\u00c9 Value Event Fund&quot; to the balanced fundGAN\u00c9 Investment-AG &quot;GAN\u00c9 Global Equity Fund&quot; to the equity fundGAN\u00c9 Investment-AG &quot;GAN\u00c9 Business Partner Fund&quot; to the special fundGAN\u00c9 Aktiengesellschaft &quot;ACATIS Value Event Fonds&quot; (former ACATIS GAN\u00c9 Value Event Fonds) 2008 - [&hellip;]\" \/>\n<meta property=\"og:url\" content=\"https:\/\/gane-invest.de\/en\/\" \/>\n<meta property=\"og:site_name\" content=\"GAN\u00c9 Investment-AG mit TGV\" \/>\n<meta property=\"article:modified_time\" content=\"2024-05-15T11:34:56+00:00\" \/>\n<meta name=\"twitter:card\" content=\"summary_large_image\" \/>\n<meta name=\"twitter:label1\" content=\"Est. reading time\" \/>\n\t<meta name=\"twitter:data1\" content=\"3 minutes\" \/>\n<script type=\"application\/ld+json\" class=\"yoast-schema-graph\">{\"@context\":\"https:\/\/schema.org\",\"@graph\":[{\"@type\":\"WebPage\",\"@id\":\"https:\/\/gane-invest.de\/en\/\",\"url\":\"https:\/\/gane-invest.de\/en\/\",\"name\":\"GAN\u00c9 Investment-AG mit TGV |\u00a0We invest in winners.\",\"isPartOf\":{\"@id\":\"https:\/\/gane-invest.de\/#website\"},\"datePublished\":\"2021-01-28T10:58:46+00:00\",\"dateModified\":\"2024-05-15T11:34:56+00:00\",\"breadcrumb\":{\"@id\":\"https:\/\/gane-invest.de\/en\/#breadcrumb\"},\"inLanguage\":\"en-US\",\"potentialAction\":[{\"@type\":\"ReadAction\",\"target\":[\"https:\/\/gane-invest.de\/en\/\"]}]},{\"@type\":\"BreadcrumbList\",\"@id\":\"https:\/\/gane-invest.de\/en\/#breadcrumb\",\"itemListElement\":[{\"@type\":\"ListItem\",\"position\":1,\"name\":\"Home\",\"item\":\"https:\/\/gane-invest.de\/en\/\"},{\"@type\":\"ListItem\",\"position\":2,\"name\":\"Startseite\"}]},{\"@type\":\"WebSite\",\"@id\":\"https:\/\/gane-invest.de\/#website\",\"url\":\"https:\/\/gane-invest.de\/\",\"name\":\"GAN\u00c9 Investment-AG mit TGV\",\"description\":\"\",\"potentialAction\":[{\"@type\":\"SearchAction\",\"target\":{\"@type\":\"EntryPoint\",\"urlTemplate\":\"https:\/\/gane-invest.de\/?s={search_term_string}\"},\"query-input\":{\"@type\":\"PropertyValueSpecification\",\"valueRequired\":true,\"valueName\":\"search_term_string\"}}],\"inLanguage\":\"en-US\"}]}<\/script>\n<!-- \/ Yoast SEO plugin. -->","yoast_head_json":{"title":"GAN\u00c9 Investment-AG mit TGV |\u00a0We invest in winners.","robots":{"index":"index","follow":"follow","max-snippet":"max-snippet:-1","max-image-preview":"max-image-preview:large","max-video-preview":"max-video-preview:-1"},"canonical":"https:\/\/gane-invest.de\/en\/","og_locale":"en_US","og_type":"article","og_title":"GAN\u00c9 Investment-AG mit TGV |\u00a0We invest in winners.","og_description":"\"The fundamental things apply as time goes by.\" from the movie Casablanca, 1942FUNDS IN DETAILGAN\u00c9 Investment-AG \"GAN\u00c9 Value Event Fund\" to the balanced fundGAN\u00c9 Investment-AG \"GAN\u00c9 Global Equity Fund\" to the equity fundGAN\u00c9 Investment-AG \"GAN\u00c9 Business Partner Fund\" to the special fundGAN\u00c9 Aktiengesellschaft \"ACATIS Value Event Fonds\" (former ACATIS GAN\u00c9 Value Event Fonds) 2008 - [&hellip;]","og_url":"https:\/\/gane-invest.de\/en\/","og_site_name":"GAN\u00c9 Investment-AG mit TGV","article_modified_time":"2024-05-15T11:34:56+00:00","twitter_card":"summary_large_image","twitter_misc":{"Est. reading time":"3 minutes"},"schema":{"@context":"https:\/\/schema.org","@graph":[{"@type":"WebPage","@id":"https:\/\/gane-invest.de\/en\/","url":"https:\/\/gane-invest.de\/en\/","name":"GAN\u00c9 Investment-AG mit TGV |\u00a0We invest in winners.","isPartOf":{"@id":"https:\/\/gane-invest.de\/#website"},"datePublished":"2021-01-28T10:58:46+00:00","dateModified":"2024-05-15T11:34:56+00:00","breadcrumb":{"@id":"https:\/\/gane-invest.de\/en\/#breadcrumb"},"inLanguage":"en-US","potentialAction":[{"@type":"ReadAction","target":["https:\/\/gane-invest.de\/en\/"]}]},{"@type":"BreadcrumbList","@id":"https:\/\/gane-invest.de\/en\/#breadcrumb","itemListElement":[{"@type":"ListItem","position":1,"name":"Home","item":"https:\/\/gane-invest.de\/en\/"},{"@type":"ListItem","position":2,"name":"Startseite"}]},{"@type":"WebSite","@id":"https:\/\/gane-invest.de\/#website","url":"https:\/\/gane-invest.de\/","name":"GAN\u00c9 Investment-AG mit TGV","description":"","potentialAction":[{"@type":"SearchAction","target":{"@type":"EntryPoint","urlTemplate":"https:\/\/gane-invest.de\/?s={search_term_string}"},"query-input":{"@type":"PropertyValueSpecification","valueRequired":true,"valueName":"search_term_string"}}],"inLanguage":"en-US"}]}},"_links":{"self":[{"href":"https:\/\/gane-invest.de\/en\/wp-json\/wp\/v2\/pages\/772","targetHints":{"allow":["GET"]}}],"collection":[{"href":"https:\/\/gane-invest.de\/en\/wp-json\/wp\/v2\/pages"}],"about":[{"href":"https:\/\/gane-invest.de\/en\/wp-json\/wp\/v2\/types\/page"}],"author":[{"embeddable":true,"href":"https:\/\/gane-invest.de\/en\/wp-json\/wp\/v2\/users\/1"}],"replies":[{"embeddable":true,"href":"https:\/\/gane-invest.de\/en\/wp-json\/wp\/v2\/comments?post=772"}],"version-history":[{"count":38,"href":"https:\/\/gane-invest.de\/en\/wp-json\/wp\/v2\/pages\/772\/revisions"}],"predecessor-version":[{"id":11793,"href":"https:\/\/gane-invest.de\/en\/wp-json\/wp\/v2\/pages\/772\/revisions\/11793"}],"wp:attachment":[{"href":"https:\/\/gane-invest.de\/en\/wp-json\/wp\/v2\/media?parent=772"}],"curies":[{"name":"wp","href":"https:\/\/api.w.org\/{rel}","templated":true}]}}